{"id":7396,"date":"2024-06-12T10:14:46","date_gmt":"2024-06-12T07:14:46","guid":{"rendered":"https:\/\/sitholia.gr\/politika-privatnosti\/"},"modified":"2024-10-17T12:52:23","modified_gmt":"2024-10-17T09:52:23","slug":"politika-privatnosti","status":"publish","type":"page","link":"https:\/\/sitholia.gr\/sr\/politika-privatnosti\/","title":{"rendered":"Politika privatnosti"},"content":{"rendered":"\t\t<div data-elementor-type=\"wp-page\" data-elementor-id=\"7396\" class=\"elementor elementor-7396 elementor-3\" data-elementor-post-type=\"page\">\n\t\t\t\t<div class=\"elementor-element elementor-element-79afd226 e-flex e-con-boxed e-con e-parent\" data-id=\"79afd226\" data-element_type=\"container\">\n\t\t\t\t\t<div class=\"e-con-inner\">\n\t\t\t\t<div class=\"elementor-element elementor-element-45114fb7 elementor-widget elementor-widget-text-editor\" data-id=\"45114fb7\" data-element_type=\"widget\" data-widget_type=\"text-editor.default\">\n\t\t\t\t<div class=\"elementor-widget-container\">\n\t\t\t\t\t\t\t\t\t<\/p>\n<div class=\"page-header\">\n<h1 class=\"entry-title\">Politika privatnosti<\/h1>\n<\/div>\n<div class=\"page-content\">\n<p>Ova politika privatnosti odnosi se na na\u0161u praxu u vezi sa informacijama koje nam omogu\u0107avaju da utvrdimo identitet koji prikupljamo putem na\u0161e veb stranice i opisuje ga. www.sitholia.gr ova politika ne uti\u010de na na\u0161u praxu u vezi sa informacijama koje prikupljaju bilo koje druge veb stranice ili mediji, niti na politike koje reguli\u0161u prikupljanje, upotrebu ili otkrivanje informacija od strane tre\u0107ih lica. Kori\u0161\u0107enje veb stranice <a href=\"https:\/\/sitholia.gr\/sr\/\">sitholia.gr<\/a>. prihvatate odredbe i uslove ove politike privatnosti.  <\/p>\n<p>Ako se ne sla\u017eete sa ovim uslovima i ovom politikom, nemojte koristiti na\u0161u veb stranicu. Zadr\u017eavamo pravo na promenu politike privatnosti bez prethodne najave. Sve promene u na\u0161oj politici privatnosti stupi\u0107e na snagu nakon postavljanja revidirane politike na na\u0161u veb stranicu. Kori\u0161\u0107enje veb lokacije nakon bilo kakvih promena tako\u0111e zna\u010di da se sla\u017eete sa novom politikom.   <\/p>\n<h4><strong>Informacije prikupljene od strane sajta<\/strong><\/h4>\n<p>Sajt prikuplja dve glavne vrste informacija:&#8221; li\u010dni podaci &#8220;i&#8221;neli\u010dni identifikacioni podaci&#8221;. Li\u010dni podaci identifikuju informacije koje identifikuju korisnika. Neli\u010dni identifikacioni podaci su informacije koje ne otkrivaju odre\u0111eni identitet osobe, ve\u0107 identifikuju zbirne podatke, demografske podatke, IP adrese itd.  <\/p>\n<h4><strong>Li\u010dni podaci<\/strong><\/h4>\n<p>Ne morate da unosite li\u010dne podatke da biste koristili veb lokaciju. Me\u0111utim, da biste iskoristili mogu\u0107nosti koje se pru\u017eaju putem na\u0161e veb stranice (na primer, kontaktirajte nas), morate da navedete neke li\u010dne podatke. Li\u010dni podaci koje prikupljamo putem na\u0161e veb stranice uglavnom se odnose na korisni\u010dko ime i adresu e-po\u0161te, a korisnik ih pru\u017ea isklju\u010divo dobrovoljno.  <\/p>\n<h4><strong>Neli\u010dni identifikacioni podaci<\/strong><\/h4>\n<p>Kada korisnik poseti i komunicira sa na\u0161om veb lokacijom, na\u0161a veb lokacija, kao i pru\u017eaoci usluga i poslovni partneri sa kojima radimo, prikupljaju neli\u010dne informacije o korisniku koji pose\u0107uje veb lokaciju. Neli\u010dni identifikacioni podaci se prikupljaju iz dva razli\u010dita izvora: <\/p>\n<ul>\n<li>Evidencije servera,<\/li>\n<li>kola\u010di\u0107i.<\/li>\n<\/ul>\n<h4><strong>Datoteke za pisanje na serveru<\/strong><\/h4>\n<p>Adresa internet protokola (IP) je broj koji se automatski dodeljuje ra\u010dunaru koji koristi korisnik kod ISP &#8211; a (ISP). Ovaj broj se automatski prepoznaje i zapisuje na server dnevnika svaki put kada korisnik poseti na\u0161u veb lokaciju. Prikupljanje ovih informacija poma\u017ee u dijagnosticiranju problema sa veb serverom i upravljanju veb lokacijom. Prikupljanje IP adresa je stalna praxa na Internetu i automatski se vr\u0161i na mnogim veb lokacijama.   <\/p>\n<h4><strong>Ispravljanje, modifikacija ili brisanje informacija<\/strong><\/h4>\n<p>Veb sajt <a href=\"https:\/\/sitholia.gr\/sr\/\">sitholia.gr<\/a> omogu\u0107ava svojim korisnicima da ispravljaju, menjaju ili dopunjuju podatke i informacije koje pru\u017eaju. Ako \u017eelite da va\u0161i podaci budu potpuno izbrisani sa na\u0161eg servera, kontaktirajte nas. Tako\u0111e imate pravo da zatra\u017eite informacije o tome koje li\u010dne podatke o vama trenutno \u010duva na\u0161a veb lokacija.  <\/p>\n<h4 class=\"heading h h4\"><strong>Koliko dugo \u010duvamo va\u0161e podatke;<\/strong><\/h4>\n<p>U <a href=\"https:\/\/sitholia.gr\/sr\/\">sitholia.gr<\/a> mi \u0107emo za\u0161tititi va\u0161e li\u010dne podatke samo tokom perioda koji se smatra razumno neophodnim za ispunjavanje uslova predvi\u0111enih va\u017ee\u0107im zakonom. To zna\u010di da mo\u017eemo da \u010duvamo va\u0161e li\u010dne podatke u razumnom vremenskom periodu \u010dak i nakon \u0161to prestanete da pose\u0107ujete na\u0161u veb lokaciju. Nakon ovog perioda, li\u010dni podaci \u0107e biti izbrisani sa na\u0161eg servera.  <\/p>\n<h4><strong>Kola\u010di\u0107i<\/strong><\/h4>\n<p>Na\u0161a veb lokacija mo\u017ee da koristi &#8220;kola\u010di\u0107e&#8221;. Kola\u010di\u0107i su podaci koje veb server prenosi na ra\u010dunar korisnika radi skladi\u0161tenja datoteka, kao i u druge svrhe. Kola\u010di\u0107i su industrijski standard koji ve\u0107ina veb lokacija koristi za olak\u0161avanje neprekidnog i nesmetanog pristupa korisnika datoj veb lokaciji. Kola\u010di\u0107i ne \u0161tete ra\u010dunarskim sistemima ili korisni\u010dkim datotekama.   <\/p>\n<h4><strong>Veb stranice tre\u0107ih strana<\/strong><\/h4>\n<p>Veb lokacija mo\u017ee sadr\u017eati veze do veb lokacija tre\u0107ih strana. ove stranice nisu pod na\u0161om kontrolom i nismo odgovorni za Politiku privatnosti ili sadr\u017eaj sadr\u017ean na bilo kojoj povezanoj veb lokaciji. Ovi linkovi su obezbe\u0111eni radi lak\u0161eg snala\u017eenja, a objavljivanje veze na na\u0161oj veb lokaciji ne zna\u010di da odobravamo ovu veb lokaciju. Ako korisnik pru\u017ea li\u010dne podatke putem bilo koje takve veb stranice tre\u0107e strane, njegova transakcija \u0107e biti prikazana na veb lokaciji te tre\u0107e strane, a li\u010dni podaci korisnika bi\u0107e prikupljeni u skladu sa politikom privatnosti te veb stranice. Ova Politika privatnosti ne pokriva politiku privatnosti tre\u0107ih strana.    <\/p>\n<h4><strong>Bezbednost<\/strong><\/h4>\n<p>Nastojimo da osiguramo da sve mere bezbednosti i alati koji poma\u017eu u za\u0161titi od zloupotrebe i promene informacija budu pod na\u0161om kontrolom. Na\u017ealost, nijedan prenos podataka putem Interneta ili sistema za skladi\u0161tenje podataka ne mo\u017ee biti 100% zagarantovan i siguran. Korisnik prihvata i sla\u017ee se da sve informacije koje prenosite ili \u010duvate putem Veb stranice pru\u017eate na sopstveni rizik.  <\/p>\n<h4><strong>KONTAKT<\/strong><\/h4>\n<p>Za pitanja u vezi sa ovom Politikom privatnosti, molimo vas da nas kontaktirate putem e-maila na <a href=\"mailto:info@sitholia.gr\">info@sitholia.gr<\/a>. obave\u0161tavamo vas da komunikacija putem e-po\u0161te nije nu\u017eno sigurna. Dakle, korisnik ne bi trebalo da navede informacije kao \u0161to su brojevi kreditnih kartica ili druge osetljive informacije u e-poruci upu\u0107enoj nama.<\/p>\n<h4><strong>Uslovi se menjaju<\/strong><\/h4>\n<p>Obra\u0111iva\u010d podataka ima ovla\u0161\u0107enje da modifikuje gore navedene uslove bez prethodnog obave\u0161tavanja subjekata podataka.<\/p>\n<h4><strong>pravila i uslovi<\/strong><\/h4>\n<p>Kori\u0161\u0107enje usluga ove veb stranice podrazumeva bezuslovno prihvatanje uslova politike privatnosti.<\/p>\n<h4><strong>Odgovornost suda<\/strong><\/h4>\n<p>Za svaki spor koji se javlja izme\u0111u veb stranice i posetioca u vezi sa obradom njihovih li\u010dnih podataka odgovorni su halkidi\u010dki sudovi<\/p>\n<\/div>\n\t\t\t\t\t\t\t\t<\/div>\n\t\t\t\t<\/div>\n\t\t\t\t\t<\/div>\n\t\t\t\t<\/div>\n\t\t\t\t<\/div>\n\t\t","protected":false},"excerpt":{"rendered":"<p>Politika privatnosti Ova politika privatnosti odnosi se na na\u0161u praxu u vezi sa informacijama koje nam omogu\u0107avaju da utvrdimo identitet koji prikupljamo putem na\u0161e veb stranice i opisuje ga. www.sitholia.gr ova politika ne uti\u010de na na\u0161u praxu u vezi sa informacijama koje prikupljaju bilo koje druge veb stranice ili mediji, niti na politike koje reguli\u0161u [&hellip;]<\/p>\n","protected":false},"author":4,"featured_media":0,"parent":0,"menu_order":0,"comment_status":"closed","ping_status":"closed","template":"","meta":{"footnotes":""},"class_list":["post-7396","page","type-page","status-publish","hentry"],"_links":{"self":[{"href":"https:\/\/sitholia.gr\/sr\/wp-json\/wp\/v2\/pages\/7396","targetHints":{"allow":["GET"]}}],"collection":[{"href":"https:\/\/sitholia.gr\/sr\/wp-json\/wp\/v2\/pages"}],"about":[{"href":"https:\/\/sitholia.gr\/sr\/wp-json\/wp\/v2\/types\/page"}],"author":[{"embeddable":true,"href":"https:\/\/sitholia.gr\/sr\/wp-json\/wp\/v2\/users\/4"}],"replies":[{"embeddable":true,"href":"https:\/\/sitholia.gr\/sr\/wp-json\/wp\/v2\/comments?post=7396"}],"version-history":[{"count":1,"href":"https:\/\/sitholia.gr\/sr\/wp-json\/wp\/v2\/pages\/7396\/revisions"}],"predecessor-version":[{"id":7397,"href":"https:\/\/sitholia.gr\/sr\/wp-json\/wp\/v2\/pages\/7396\/revisions\/7397"}],"wp:attachment":[{"href":"https:\/\/sitholia.gr\/sr\/wp-json\/wp\/v2\/media?parent=7396"}],"curies":[{"name":"wp","href":"https:\/\/api.w.org\/{rel}","templated":true}]}}